{"id":31,"date":"2023-03-16T13:42:52","date_gmt":"2023-03-16T11:42:52","guid":{"rendered":"https:\/\/laukamo.fi\/teletuotteet\/?page_id=31"},"modified":"2024-11-27T12:19:52","modified_gmt":"2024-11-27T10:19:52","slug":"teletuotteet","status":"publish","type":"page","link":"https:\/\/laukamo.fi\/teletuotteet\/","title":{"rendered":"Teletuotteet"},"content":{"rendered":"<section class=\"block block-product-categories-list has-unified-padding-if-stacked\">\n  <div class=\"container\">\n    <div class=\"col col-content\">\n      \n<h2 class=\"wp-block-heading\">Kotimaiset Laukamo-teletuotteet<\/h2>\n\n<p>Laukamon teletuotteet ovat kotimainen, laadukas, kustannustehokas ja kest\u00e4v\u00e4 arvovalinta! Ne on suunniteltu, valmistettu ja kokoonpantu valmiiksi lopputuotteiksi omilla tehtaillamme Somerolla 50 vuoden kokemuksella. Teletuotteillamme on Avainlippu-merkki.<\/p>\n\n<p>Valikoimassamme on vakioituja teletuotteita sek\u00e4 sis\u00e4- ett\u00e4 ulkoverkkorakentamiseen:<\/p>\n\n<ul class=\"wp-block-list\"><li>Datakeskuksiin ja konesaleihin kylm\u00e4-kuumak\u00e4yt\u00e4v\u00e4ratkaisut laitekaappeineen, liukuovineen ja kattoelementteineen<\/li>\n\n<li>Kiinteist\u00f6jen teletiloihin perinteiset 19\u201d avo- ja laitekaapit, sein\u00e4kaapit sek\u00e4 niiden tarvikkeet<\/li>\n\n<li>Ulos valokuituverkkoihin eristetyt aktiivilaitekaapit, mikrokanavajatkoskaapit ja perinteiset jakokaapit<\/li><\/ul>\n\n<p>Tuotteet tietoineen l\u00f6ytyv\u00e4t oheisesta valikosta. Tutustu niihin rauhassa. Voit rakentaa tarvitsemistasi tuotteista ostoskorin ja l\u00e4hett\u00e4\u00e4 myynnillemme tarjouspyynn\u00f6n tai kysy\u00e4 muuten teknisi\u00e4 tarkennuksia.<\/p>\n\n<p>Jos et l\u00f6yd\u00e4 juuri tarpeisiisi sopivaa vakioitua tuotetta, niin ota silti yhteytt\u00e4 myyntiimme. Autamme mielell\u00e4mme ja matalalla kynnyksell\u00e4!<\/p>\n\n<figure class=\"wp-block-image size-full is-resized\"><img loading=\"lazy\" decoding=\"async\" width=\"800\" height=\"450\" src=\"https:\/\/laukamo.fi\/teletuotteet\/content\/uploads\/avainlippu_tehty_suomessa.jpg\" alt=\"\" class=\"wp-image-1525\" style=\"width:162px;height:91px\" srcset=\"https:\/\/laukamo.fi\/teletuotteet\/content\/uploads\/avainlippu_tehty_suomessa.jpg 800w, https:\/\/laukamo.fi\/teletuotteet\/content\/uploads\/avainlippu_tehty_suomessa-350x197.jpg 350w, https:\/\/laukamo.fi\/teletuotteet\/content\/uploads\/avainlippu_tehty_suomessa-700x394.jpg 700w, https:\/\/laukamo.fi\/teletuotteet\/content\/uploads\/avainlippu_tehty_suomessa-768x432.jpg 768w, https:\/\/laukamo.fi\/teletuotteet\/content\/uploads\/avainlippu_tehty_suomessa-500x281.jpg 500w, https:\/\/laukamo.fi\/teletuotteet\/content\/uploads\/avainlippu_tehty_suomessa-20x11.jpg 20w\" sizes=\"auto, (max-width: 800px) 100vw, 800px\" \/><\/figure>\n\n    <\/div>\n    <div class=\"col col-sidebar\">\n      <div class=\"product-categories\">\n  <h2>Sis\u00e4verkkotuotteet<\/h2>\n\n  <ul>\n        \n          <li class=\"child  accordion\"  data-allow-toggle>\n\n                          <div class=\"accordion-item\">\n                <button\n                  aria-expanded=\"false\"\n                  class=\"accordion-trigger\"\n                  aria-controls=\"datakeskustuotteet\"\n                  id=\"accordion-datakeskustuotteet\">\n                    <span class=\"accordion-title\">\n                      Datakeskustuotteet<span class=\"accordion-icon\"><\/span>\n                    <\/span>\n                <\/button>\n                <ul\n                id=\"datakeskustuotteet\"\n                    role=\"region\"\n                    aria-labelledby=\"accordion-datakeskustuotteet\"\n                    class=\"accordion-panel\"\n                   hidden=\"\">\n\n                                      <li class=\"grandchild\">\n                      <a href=\"https:\/\/laukamo.fi\/teletuotteet\/osasto\/01-1\/0101-7\/010107-28\/01010701-29\/\" >Serverikaapit<\/a>\n                    <\/li>\n                                      <li class=\"grandchild\">\n                      <a href=\"https:\/\/laukamo.fi\/teletuotteet\/osasto\/01-1\/0101-7\/010107-28\/01010702-30\/\" >Kaapelointitarvikkeet<\/a>\n                    <\/li>\n                                      <li class=\"grandchild\">\n                      <a href=\"https:\/\/laukamo.fi\/teletuotteet\/osasto\/01-1\/0101-7\/010107-28\/01010706-34\/\" >Maadoituskiskot, lukot ja muut tarvikkeet<\/a>\n                    <\/li>\n                                      <li class=\"grandchild\">\n                      <a href=\"https:\/\/laukamo.fi\/teletuotteet\/osasto\/01-1\/0101-7\/010107-28\/01010705-33\/\" >Ilmankierron hallinta<\/a>\n                    <\/li>\n                                      <li class=\"grandchild\">\n                      <a href=\"https:\/\/laukamo.fi\/teletuotteet\/osasto\/01-1\/0101-7\/010107-28\/01010703-31\/\" >Liukuovet<\/a>\n                    <\/li>\n                                      <li class=\"grandchild\">\n                      <a href=\"https:\/\/laukamo.fi\/teletuotteet\/osasto\/01-1\/0101-7\/010107-28\/01010704-32\/\" >Kattomoduulit<\/a>\n                    <\/li>\n                                      <li class=\"grandchild\">\n                      <a href=\"https:\/\/laukamo.fi\/teletuotteet\/osasto\/01-1\/0101-7\/010107-28\/01010707-49\/\" >Virranjakelu<\/a>\n                    <\/li>\n                  \n                <\/ul>\n              <\/div>\n                      <\/li>\n        \n          <li class=\"child \" >\n\n            \n              <a href=\"https:\/\/laukamo.fi\/teletuotteet\/osasto\/01-1\/0101-7\/010101-8\/\" >19&quot; Laitekaapit<\/a>\n\n                  <\/li>\n        \n          <li class=\"child \" >\n\n            \n              <a href=\"https:\/\/laukamo.fi\/teletuotteet\/osasto\/01-1\/0101-7\/010102-9\/\" >19&quot; Avokaapit<\/a>\n\n                  <\/li>\n        \n          <li class=\"child  accordion\"  data-allow-toggle>\n\n                          <div class=\"accordion-item\">\n                <button\n                  aria-expanded=\"false\"\n                  class=\"accordion-trigger\"\n                  aria-controls=\"kaappitarvikkeet\"\n                  id=\"accordion-kaappitarvikkeet\">\n                    <span class=\"accordion-title\">\n                      Kaappitarvikkeet<span class=\"accordion-icon\"><\/span>\n                    <\/span>\n                <\/button>\n                <ul\n                id=\"kaappitarvikkeet\"\n                    role=\"region\"\n                    aria-labelledby=\"accordion-kaappitarvikkeet\"\n                    class=\"accordion-panel\"\n                   hidden=\"\">\n\n                                      <li class=\"grandchild\">\n                      <a href=\"https:\/\/laukamo.fi\/teletuotteet\/osasto\/01-1\/0101-7\/010103-24\/01010305-19\/\" >19&quot; lis\u00e4kiskot<\/a>\n                    <\/li>\n                                      <li class=\"grandchild\">\n                      <a href=\"https:\/\/laukamo.fi\/teletuotteet\/osasto\/01-1\/0101-7\/010103-24\/01010306-20\/\" >Maadoituskiskot<\/a>\n                    <\/li>\n                                      <li class=\"grandchild\">\n                      <a href=\"https:\/\/laukamo.fi\/teletuotteet\/osasto\/01-1\/0101-7\/010103-24\/01010303-17\/\" >Tuulettimet<\/a>\n                    <\/li>\n                                      <li class=\"grandchild\">\n                      <a href=\"https:\/\/laukamo.fi\/teletuotteet\/osasto\/01-1\/0101-7\/010103-24\/01010301-15\/\" >Sokkelit<\/a>\n                    <\/li>\n                                      <li class=\"grandchild\">\n                      <a href=\"https:\/\/laukamo.fi\/teletuotteet\/osasto\/01-1\/0101-7\/010103-24\/01010302-16\/\" >Kaapelinohjaus<\/a>\n                    <\/li>\n                                      <li class=\"grandchild\">\n                      <a href=\"https:\/\/laukamo.fi\/teletuotteet\/osasto\/01-1\/0101-7\/010103-24\/01010304-18\/\" >Lukot<\/a>\n                    <\/li>\n                                      <li class=\"grandchild\">\n                      <a href=\"https:\/\/laukamo.fi\/teletuotteet\/osasto\/01-1\/0101-7\/010103-24\/01010308-36\/\" >Laitehyllyt<\/a>\n                    <\/li>\n                                      <li class=\"grandchild\">\n                      <a href=\"https:\/\/laukamo.fi\/teletuotteet\/osasto\/01-1\/0101-7\/010103-24\/01010309-37\/\" >Pistorasiapaneelit<\/a>\n                    <\/li>\n                                      <li class=\"grandchild\">\n                      <a href=\"https:\/\/laukamo.fi\/teletuotteet\/osasto\/01-1\/0101-7\/010103-24\/01010312-40\/\" >LSA+asennusrungot<\/a>\n                    <\/li>\n                                      <li class=\"grandchild\">\n                      <a href=\"https:\/\/laukamo.fi\/teletuotteet\/osasto\/01-1\/0101-7\/010103-24\/01010313-45\/\" >Muut tarvikkeet<\/a>\n                    <\/li>\n                  \n                <\/ul>\n              <\/div>\n                      <\/li>\n        \n          <li class=\"child  accordion\"  data-allow-toggle>\n\n                          <div class=\"accordion-item\">\n                <button\n                  aria-expanded=\"false\"\n                  class=\"accordion-trigger\"\n                  aria-controls=\"kalustetut-ja-muut-erikoiskaapit\"\n                  id=\"accordion-kalustetut-ja-muut-erikoiskaapit\">\n                    <span class=\"accordion-title\">\n                      Kalustetut ja muut erikoiskaapit<span class=\"accordion-icon\"><\/span>\n                    <\/span>\n                <\/button>\n                <ul\n                id=\"kalustetut-ja-muut-erikoiskaapit\"\n                    role=\"region\"\n                    aria-labelledby=\"accordion-kalustetut-ja-muut-erikoiskaapit\"\n                    class=\"accordion-panel\"\n                   hidden=\"\">\n\n                                      <li class=\"grandchild\">\n                      <a href=\"https:\/\/laukamo.fi\/teletuotteet\/osasto\/01-1\/0101-7\/010104-25\/01010401-50\/\" >Kalustetut laitekaapit<\/a>\n                    <\/li>\n                                      <li class=\"grandchild\">\n                      <a href=\"https:\/\/laukamo.fi\/teletuotteet\/osasto\/01-1\/0101-7\/010104-25\/01010402-51\/\" >Kalustetut avokaapit<\/a>\n                    <\/li>\n                                      <li class=\"grandchild\">\n                      <a href=\"https:\/\/laukamo.fi\/teletuotteet\/osasto\/01-1\/0101-7\/010104-25\/01010403-52\/\" >Mobiili- ja akkukaapit<\/a>\n                    <\/li>\n                                      <li class=\"grandchild\">\n                      <a href=\"https:\/\/laukamo.fi\/teletuotteet\/osasto\/01-1\/0101-7\/010104-25\/01010404-53\/\" >Osiointikaapit<\/a>\n                    <\/li>\n                                      <li class=\"grandchild\">\n                      <a href=\"https:\/\/laukamo.fi\/teletuotteet\/osasto\/01-1\/0101-7\/010104-25\/01010405-54\/\" >Muut kaapit<\/a>\n                    <\/li>\n                  \n                <\/ul>\n              <\/div>\n                      <\/li>\n        \n          <li class=\"child \" >\n\n            \n              <a href=\"https:\/\/laukamo.fi\/teletuotteet\/osasto\/01-1\/0101-7\/010105-26\/\" >Sein\u00e4kaapit<\/a>\n\n                  <\/li>\n        \n          <li class=\"child \" >\n\n            \n              <a href=\"https:\/\/laukamo.fi\/teletuotteet\/osasto\/01-1\/0101-7\/010106-27\/\" >Kuitujatkoskaapit<\/a>\n\n                  <\/li>\n        <\/ul>\n\n<\/div>\n<div class=\"product-categories\">\n  <h2>Ulkoverkkotuotteet<\/h2>\n\n  <ul>\n        \n          <li class=\"child  accordion\"  data-allow-toggle>\n\n                          <div class=\"accordion-item\">\n                <button\n                  aria-expanded=\"false\"\n                  class=\"accordion-trigger\"\n                  aria-controls=\"eristetyt-ulkokaapit\"\n                  id=\"accordion-eristetyt-ulkokaapit\">\n                    <span class=\"accordion-title\">\n                      Eristetyt ulkokaapit<span class=\"accordion-icon\"><\/span>\n                    <\/span>\n                <\/button>\n                <ul\n                id=\"eristetyt-ulkokaapit\"\n                    role=\"region\"\n                    aria-labelledby=\"accordion-eristetyt-ulkokaapit\"\n                    class=\"accordion-panel\"\n                   hidden=\"\">\n\n                                      <li class=\"grandchild\">\n                      <a href=\"https:\/\/laukamo.fi\/teletuotteet\/osasto\/01-1\/0102-6\/010203-12\/01020301-56\/\" >Kaapit<\/a>\n                    <\/li>\n                                      <li class=\"grandchild\">\n                      <a href=\"https:\/\/laukamo.fi\/teletuotteet\/osasto\/01-1\/0102-6\/010203-12\/01020302-55\/\" >Kalusteet<\/a>\n                    <\/li>\n                  \n                <\/ul>\n              <\/div>\n                      <\/li>\n        \n          <li class=\"child  accordion\"  data-allow-toggle>\n\n                          <div class=\"accordion-item\">\n                <button\n                  aria-expanded=\"false\"\n                  class=\"accordion-trigger\"\n                  aria-controls=\"jakokaapit-jalustat-ja-tarvikkeet\"\n                  id=\"accordion-jakokaapit-jalustat-ja-tarvikkeet\">\n                    <span class=\"accordion-title\">\n                      Jakokaapit, jalustat ja tarvikkeet<span class=\"accordion-icon\"><\/span>\n                    <\/span>\n                <\/button>\n                <ul\n                id=\"jakokaapit-jalustat-ja-tarvikkeet\"\n                    role=\"region\"\n                    aria-labelledby=\"accordion-jakokaapit-jalustat-ja-tarvikkeet\"\n                    class=\"accordion-panel\"\n                   hidden=\"\">\n\n                                      <li class=\"grandchild\">\n                      <a href=\"https:\/\/laukamo.fi\/teletuotteet\/osasto\/01-1\/0102-6\/010201-10\/01020101-46\/\" >Jakokaapit<\/a>\n                    <\/li>\n                                      <li class=\"grandchild\">\n                      <a href=\"https:\/\/laukamo.fi\/teletuotteet\/osasto\/01-1\/0102-6\/010201-10\/01020102-47\/\" >Jalustat<\/a>\n                    <\/li>\n                                      <li class=\"grandchild\">\n                      <a href=\"https:\/\/laukamo.fi\/teletuotteet\/osasto\/01-1\/0102-6\/010201-10\/01020103-57\/\" >Muut jakokaapit<\/a>\n                    <\/li>\n                                      <li class=\"grandchild\">\n                      <a href=\"https:\/\/laukamo.fi\/teletuotteet\/osasto\/01-1\/0102-6\/010201-10\/01020104-59\/\" >Jakokaappien tarvikkeet<\/a>\n                    <\/li>\n                  \n                <\/ul>\n              <\/div>\n                      <\/li>\n        \n          <li class=\"child \" >\n\n            \n              <a href=\"https:\/\/laukamo.fi\/teletuotteet\/osasto\/01-1\/0102-6\/010202-11\/\" >Ulkojatkoskaapit<\/a>\n\n                  <\/li>\n        \n          <li class=\"child \" >\n\n            \n              <a href=\"https:\/\/laukamo.fi\/teletuotteet\/osasto\/01-1\/0102-6\/010204-41\/\" >Mikrokanavatuotteet<\/a>\n\n                  <\/li>\n        \n          <li class=\"child \" >\n\n            \n              <a href=\"https:\/\/laukamo.fi\/teletuotteet\/osasto\/01-1\/0102-6\/010206-43\/\" >Johtokourut ja kannattimet<\/a>\n\n                  <\/li>\n        \n          <li class=\"child \" >\n\n            \n              <a href=\"https:\/\/laukamo.fi\/teletuotteet\/osasto\/01-1\/0102-6\/010207-44\/\" >DC-mastokytkent\u00e4kotelot<\/a>\n\n                  <\/li>\n        \n          <li class=\"child \" >\n\n            \n              <a href=\"https:\/\/laukamo.fi\/teletuotteet\/osasto\/01-1\/0102-6\/01020104555-42\/\" >Muut tuotteet<\/a>\n\n                  <\/li>\n        <\/ul>\n\n<\/div>\n\n\n\n<div class=\"more-info\">\n  <h2>Lis\u00e4tietoja<\/h2>\n\n      <div class=\"person\">\n      <h3 class=\"name\">Juha Ik\u00e4heimo<\/h3>\n      <p>Key Account Manager: Telecommunication &amp; Subcontracting<\/p>\n      <p><a href=\"tel:+358400127700\">040 012 7700<\/a><\/p>\n      <p><a href=\"mailto:juha.ikaheimo@laukamo.com\" >juha.ikaheimo@laukamo.com<\/a><\/p>\n    <\/div>\n      <div class=\"person\">\n      <h3 class=\"name\">Markus Manni<\/h3>\n      <p>Product Manager: Telecommunication &amp; Laukamo Products<\/p>\n      <p><a href=\"tel:+358406779001\">040 677 9001<\/a><\/p>\n      <p><a href=\"mailto:markus.manni@laukamo.com\" >markus.manni@laukamo.com<\/a><\/p>\n    <\/div>\n      <div class=\"person\">\n      <h3 class=\"name\">Juha Ik\u00e4heimo<\/h3>\n      <p>Myyntip\u00e4\u00e4llikk\u00f6: teletuotteet ja sopimusvalmistus<\/p>\n      <p><a href=\"tel:+358400127700\">040 012 7700<\/a><\/p>\n      <p><a href=\"mailto:juha.ikaheimo@laukamo.com\" >juha.ikaheimo@laukamo.com<\/a><\/p>\n    <\/div>\n  <\/div>\n    <\/div>\n  <\/div>\n<\/section>","protected":false},"excerpt":{"rendered":"","protected":false},"author":1,"featured_media":769,"parent":0,"menu_order":8,"comment_status":"closed","ping_status":"closed","template":"","meta":{"_acf_changed":false,"footnotes":""},"class_list":["post-31","page","type-page","status-publish","has-post-thumbnail","hentry"],"acf":[],"_links":{"self":[{"href":"https:\/\/laukamo.fi\/teletuotteet\/wp-json\/wp\/v2\/pages\/31","targetHints":{"allow":["GET"]}}],"collection":[{"href":"https:\/\/laukamo.fi\/teletuotteet\/wp-json\/wp\/v2\/pages"}],"about":[{"href":"https:\/\/laukamo.fi\/teletuotteet\/wp-json\/wp\/v2\/types\/page"}],"author":[{"embeddable":true,"href":"https:\/\/laukamo.fi\/teletuotteet\/wp-json\/wp\/v2\/users\/1"}],"replies":[{"embeddable":true,"href":"https:\/\/laukamo.fi\/teletuotteet\/wp-json\/wp\/v2\/comments?post=31"}],"version-history":[{"count":1,"href":"https:\/\/laukamo.fi\/teletuotteet\/wp-json\/wp\/v2\/pages\/31\/revisions"}],"predecessor-version":[{"id":16849,"href":"https:\/\/laukamo.fi\/teletuotteet\/wp-json\/wp\/v2\/pages\/31\/revisions\/16849"}],"wp:featuredmedia":[{"embeddable":true,"href":"https:\/\/laukamo.fi\/teletuotteet\/wp-json\/wp\/v2\/media\/769"}],"wp:attachment":[{"href":"https:\/\/laukamo.fi\/teletuotteet\/wp-json\/wp\/v2\/media?parent=31"}],"curies":[{"name":"wp","href":"https:\/\/api.w.org\/{rel}","templated":true}]}}