{"id":13332,"date":"2025-12-18T02:32:38","date_gmt":"2025-12-18T00:32:38","guid":{"rendered":"https:\/\/laukamo.fi\/teletuotteet\/tuote\/Ei-luokiteltu\/laitekaappi-42u-800x1200x2000-reikapariovet-edessa-ja-takana\/"},"modified":"2026-04-23T13:51:41","modified_gmt":"2026-04-23T10:51:41","slug":"laitekaappi-42u-800x1200x2000-reikapariovet-edessa-ja-takana","status":"publish","type":"product","link":"https:\/\/laukamo.fi\/teletuotteet\/tuote\/01-1\/0101-7\/010104-25\/01010401-50\/laitekaappi-42u-800x1200x2000-reikapariovet-edessa-ja-takana\/","title":{"rendered":"Laitekaappi 42U 800x1200x2000 reik\u00e4pariovet edess\u00e4 ja takana"},"content":{"rendered":"<p>19\u201d laitekaappi. 19\u201d kiskot edess\u00e4 ja takana portaattomalla syvyyss\u00e4\u00e4d\u00f6ll\u00e4. Reik\u00e4pariovet edess\u00e4 ja takana EuroDIN-kahvalukituksella. Kahvassa T9-kolmiokaralukko. Irrotettava katto, jossa takaosassa harjasl\u00e4pivienti. Avoin pohja. S\u00e4\u00e4t\u00f6jalat 4 kpl. Irrotettavat ja sis\u00e4lt\u00e4 lukittavat taka- ja sivusein\u00e4t<\/p>\n","protected":false},"excerpt":{"rendered":"<p>19\u201d laitekaappi. 19\u201d kiskot edess\u00e4 ja takana portaattomalla syvyyss\u00e4\u00e4d\u00f6ll\u00e4. Reik\u00e4pariovet edess\u00e4 ja takana EuroDIN-kahvalukituksella. Kahvassa T9-kolmiokaralukko. Irrotettava katto, jossa takaosassa harjasl\u00e4pivienti. Avoin pohja. S\u00e4\u00e4t\u00f6jalat 4 kpl. Irrotettavat ja sis\u00e4lt\u00e4 lukittavat taka- ja sivusein\u00e4t<\/p>\n","protected":false},"featured_media":16581,"template":"","meta":{"_acf_changed":false},"product_brand":[],"product_cat":[1035],"product_tag":[],"class_list":{"0":"post-13332","1":"product","2":"type-product","3":"status-publish","4":"has-post-thumbnail","6":"product_cat-01010401-50","8":"first","9":"instock","10":"shipping-taxable","11":"purchasable","12":"product-type-simple"},"acf":[],"_links":{"self":[{"href":"https:\/\/laukamo.fi\/teletuotteet\/wp-json\/wp\/v2\/product\/13332","targetHints":{"allow":["GET"]}}],"collection":[{"href":"https:\/\/laukamo.fi\/teletuotteet\/wp-json\/wp\/v2\/product"}],"about":[{"href":"https:\/\/laukamo.fi\/teletuotteet\/wp-json\/wp\/v2\/types\/product"}],"wp:featuredmedia":[{"embeddable":true,"href":"https:\/\/laukamo.fi\/teletuotteet\/wp-json\/wp\/v2\/media\/16581"}],"wp:attachment":[{"href":"https:\/\/laukamo.fi\/teletuotteet\/wp-json\/wp\/v2\/media?parent=13332"}],"wp:term":[{"taxonomy":"product_brand","embeddable":true,"href":"https:\/\/laukamo.fi\/teletuotteet\/wp-json\/wp\/v2\/product_brand?post=13332"},{"taxonomy":"product_cat","embeddable":true,"href":"https:\/\/laukamo.fi\/teletuotteet\/wp-json\/wp\/v2\/product_cat?post=13332"},{"taxonomy":"product_tag","embeddable":true,"href":"https:\/\/laukamo.fi\/teletuotteet\/wp-json\/wp\/v2\/product_tag?post=13332"}],"curies":[{"name":"wp","href":"https:\/\/api.w.org\/{rel}","templated":true}]}}