{"id":13343,"date":"2025-12-18T02:28:54","date_gmt":"2025-12-18T00:28:54","guid":{"rendered":"https:\/\/laukamo.fi\/teletuotteet\/tuote\/Ei-luokiteltu\/avokaappi-600x600x2200-etu-taka-ja-tukikiskoilla-flexi\/"},"modified":"2026-04-23T13:51:50","modified_gmt":"2026-04-23T10:51:50","slug":"avokaappi-600x600x2200-etu-taka-ja-tukikiskoilla-flexi","status":"publish","type":"product","link":"https:\/\/laukamo.fi\/teletuotteet\/tuote\/01-1\/0101-7\/010104-25\/01010403-52\/avokaappi-600x600x2200-etu-taka-ja-tukikiskoilla-flexi\/","title":{"rendered":"Avokaappi 600x600x2200 etu-, taka- ja tukikiskoilla (Flexi)"},"content":{"rendered":"<p>19\u201d kaappirunko. Pystykiskot Flex edess\u00e4 ja takana portaattomalla syvyyss\u00e4\u00e4d\u00f6ll\u00e4. Syvyyssuuntaiset tukikiskot 2kpl laitteille etu- ja takakiskojen v\u00e4liss\u00e4. Avoin katto ja pohja. S\u00e4\u00e4t\u00f6jalat 4 kpl. Maadoituskisko 5-paikkainen. Korimutterisarja 24kpl. Asennuslevy ylij\u00e4nnitsuojille kaapin yl\u00e4osassa. 3 hylly\u00e4<\/p>\n","protected":false},"excerpt":{"rendered":"<p>19\u201d kaappirunko. Pystykiskot Flex edess\u00e4 ja takana portaattomalla syvyyss\u00e4\u00e4d\u00f6ll\u00e4. Syvyyssuuntaiset tukikiskot 2kpl laitteille etu- ja takakiskojen v\u00e4liss\u00e4. Avoin katto ja pohja. S\u00e4\u00e4t\u00f6jalat 4 kpl. Maadoituskisko 5-paikkainen. Korimutterisarja 24kpl. Asennuslevy ylij\u00e4nnitsuojille kaapin yl\u00e4osassa. 3 hylly\u00e4<\/p>\n","protected":false},"featured_media":16601,"template":"","meta":{"_acf_changed":false},"product_brand":[],"product_cat":[1043],"product_tag":[],"class_list":{"0":"post-13343","1":"product","2":"type-product","3":"status-publish","4":"has-post-thumbnail","6":"product_cat-01010403-52","8":"first","9":"instock","10":"shipping-taxable","11":"purchasable","12":"product-type-simple"},"acf":[],"_links":{"self":[{"href":"https:\/\/laukamo.fi\/teletuotteet\/wp-json\/wp\/v2\/product\/13343","targetHints":{"allow":["GET"]}}],"collection":[{"href":"https:\/\/laukamo.fi\/teletuotteet\/wp-json\/wp\/v2\/product"}],"about":[{"href":"https:\/\/laukamo.fi\/teletuotteet\/wp-json\/wp\/v2\/types\/product"}],"wp:featuredmedia":[{"embeddable":true,"href":"https:\/\/laukamo.fi\/teletuotteet\/wp-json\/wp\/v2\/media\/16601"}],"wp:attachment":[{"href":"https:\/\/laukamo.fi\/teletuotteet\/wp-json\/wp\/v2\/media?parent=13343"}],"wp:term":[{"taxonomy":"product_brand","embeddable":true,"href":"https:\/\/laukamo.fi\/teletuotteet\/wp-json\/wp\/v2\/product_brand?post=13343"},{"taxonomy":"product_cat","embeddable":true,"href":"https:\/\/laukamo.fi\/teletuotteet\/wp-json\/wp\/v2\/product_cat?post=13343"},{"taxonomy":"product_tag","embeddable":true,"href":"https:\/\/laukamo.fi\/teletuotteet\/wp-json\/wp\/v2\/product_tag?post=13343"}],"curies":[{"name":"wp","href":"https:\/\/api.w.org\/{rel}","templated":true}]}}