{"id":13496,"date":"2026-03-05T14:00:12","date_gmt":"2026-03-05T12:00:12","guid":{"rendered":"https:\/\/laukamo.fi\/teletuotteet\/tuote\/Ei-luokiteltu\/ulkokaappi-k2-puhaltimella-ja-lammittimella\/"},"modified":"2026-04-23T13:52:34","modified_gmt":"2026-04-23T10:52:34","slug":"ulkokaappi-k2-puhaltimella-ja-lammittimella","status":"publish","type":"product","link":"https:\/\/laukamo.fi\/teletuotteet\/tuote\/01-1\/0102-6\/010203-12\/01020301-56\/ulkokaappi-k2-puhaltimella-ja-lammittimella\/","title":{"rendered":"Ulkokaappi K2 puhaltimella ja l\u00e4mmittimell\u00e4"},"content":{"rendered":"<p>Eristetty ulkokaappi esim. automaatio ja kulunvalvontasovelluksiin. Ovi 3-pistelukituksella. K\u00e4\u00e4nt\u00f6kahva Euro DIN-p\u00e4\u00e4kallolukkopes\u00e4ll\u00e4, jossa asennettuna sarjoittamaton lukko. Sis\u00e4puolella PE-levyeriste 20mm. Termostaattiohjattu puhallinl\u00e4mmitin 400W. Tulo- ja poistoilmaventtiilit suodattimella sivusein\u00e4ss\u00e4. Poistoilmaventtiilin yhteydess\u00e4 termostaattiohjattu puhallin. Asennuslevy. Kaapin vapaa asennustila 430mm oven sis\u00e4pintaan. 5-paikkainen maadoituskisko ja pohjassa l\u00e4pivientilaipat 2kpl MC25 kaapeloinnille. Irrotettavat nostokorvakkeet. Saatavilla kaivuu tai matala-asennusjalusta.<\/p>\n<p>Vakiov\u00e4rit vaaleanharmaa RAL7035, tummanharmaa RAL7037, grafiitinharmaa RAL7024, antrasiitinharmaa RAL7016, khakinharmaa RAL7008 tai kuusenvihre\u00e4 RAL6009.<\/p>\n","protected":false},"excerpt":{"rendered":"<p>Ovi 3-pistelukituksella. K\u00e4\u00e4nt\u00f6kahva Euro DIN-p\u00e4\u00e4kallolukkopes\u00e4ll\u00e4, jossa asennettuna sarjoittamaton lukko. Sis\u00e4puolella PE-levyeriste 20mm. Termostaattiohjattu puhallinl\u00e4mmitin 400W. Tulo- ja poistoilmaventtiilit suodattimella sivusein\u00e4ss\u00e4. Poistoilmaventtiilin yhteydess\u00e4 termostaattiohjattu puhallin. Asennuslevy. Kaapin vapaa asennustila 430mm oven sis\u00e4pintaan. 5-paikkainen maadoituskisko ja pohjassa l\u00e4pivientilaipat 2kpl MC25 kaapeloinnille. Irrotettavat nostokorvakkeet.<\/p>\n","protected":false},"featured_media":16650,"template":"","meta":{"_acf_changed":false},"product_brand":[],"product_cat":[1103],"product_tag":[],"class_list":{"0":"post-13496","1":"product","2":"type-product","3":"status-publish","4":"has-post-thumbnail","6":"product_cat-01020301-56","8":"first","9":"instock","10":"shipping-taxable","11":"purchasable","12":"product-type-simple"},"acf":[],"_links":{"self":[{"href":"https:\/\/laukamo.fi\/teletuotteet\/wp-json\/wp\/v2\/product\/13496","targetHints":{"allow":["GET"]}}],"collection":[{"href":"https:\/\/laukamo.fi\/teletuotteet\/wp-json\/wp\/v2\/product"}],"about":[{"href":"https:\/\/laukamo.fi\/teletuotteet\/wp-json\/wp\/v2\/types\/product"}],"wp:featuredmedia":[{"embeddable":true,"href":"https:\/\/laukamo.fi\/teletuotteet\/wp-json\/wp\/v2\/media\/16650"}],"wp:attachment":[{"href":"https:\/\/laukamo.fi\/teletuotteet\/wp-json\/wp\/v2\/media?parent=13496"}],"wp:term":[{"taxonomy":"product_brand","embeddable":true,"href":"https:\/\/laukamo.fi\/teletuotteet\/wp-json\/wp\/v2\/product_brand?post=13496"},{"taxonomy":"product_cat","embeddable":true,"href":"https:\/\/laukamo.fi\/teletuotteet\/wp-json\/wp\/v2\/product_cat?post=13496"},{"taxonomy":"product_tag","embeddable":true,"href":"https:\/\/laukamo.fi\/teletuotteet\/wp-json\/wp\/v2\/product_tag?post=13496"}],"curies":[{"name":"wp","href":"https:\/\/api.w.org\/{rel}","templated":true}]}}