{"id":14503,"date":"2025-12-18T02:28:01","date_gmt":"2025-12-18T00:28:01","guid":{"rendered":"https:\/\/laukamo.fi\/teletuotteet\/tuote\/Ei-luokiteltu\/maadoituskiskopaketti-7x25mm2\/"},"modified":"2026-04-23T13:47:52","modified_gmt":"2026-04-23T10:47:52","slug":"maadoituskiskopaketti-7x25mm2","status":"publish","type":"product","link":"https:\/\/laukamo.fi\/teletuotteet\/tuote\/01-1\/0101-7\/010107-28\/01010706-34\/maadoituskiskopaketti-7x25mm2\/","title":{"rendered":"Maadoituskiskopaketti 7x25mm2"},"content":{"rendered":"<p>Serverikaappien maadoituskisko. Sis\u00e4lt\u00e4\u00e4 7 paikkaisen Ouneva VE04-0007 potentiaalitasauskiskon, 6mm2 maadoituskaapelin ja kiinnitysruuvit. K\u00e4ytett\u00e4viss\u00e4 6 asennuspaikkaa. Kiinnitett\u00e4vien maadoitusjohtimien koko 1,5-25mm2. Johtimen kuorintapituus 20mm ja kiristysmomentti 3Nm (1,5-6mm2) tai 6Nm (10-25mm2). Tarkennukset asennusohjeessa.<\/p>\n<p>Kiinnitys DCR-kaapin vaakarunkotolpissa oleviin kiinnitysreikiin mukava tulevilla kiinnitysruuveilla. Maadoituskaapeli tulee kiinnitt\u00e4\u00e4 my\u00f6s kaapin vaakarunkotolppaan jatkuvuuden varmistamiseksi<\/p>\n","protected":false},"excerpt":{"rendered":"<p>Serverikaappien maadoituskisko. Sis\u00e4lt\u00e4\u00e4 7 paikkaisen Ouneva VE04-0007 potentiaalitasauskiskon, 6mm2 maadoituskaapelin ja kiinnitysruuvit. K\u00e4ytett\u00e4viss\u00e4 6 asennuspaikkaa. Kiinnitett\u00e4vien maadoitusjohtimien koko 1,5-25mm2. Johtimen kuorintapituus 20mm ja kiristysmomentti 3Nm (1,5-6mm2) tai 6Nm (10-25mm2). Tarkennukset asennusohjeessa.<br \/>\n Kiinnitys DCR-kaapin vaakarunkotolpissa oleviin kiinnitysreikiin mukava tulevilla kiinnitysruuveilla. Maadoituskaapeli tulee kiinnitt\u00e4\u00e4 my\u00f6s kaapin vaakarunkotolppaan jatkuvuuden varmistamiseksi<\/p>\n","protected":false},"featured_media":16373,"template":"","meta":{"_acf_changed":false},"product_brand":[],"product_cat":[1087],"product_tag":[],"class_list":{"0":"post-14503","1":"product","2":"type-product","3":"status-publish","4":"has-post-thumbnail","6":"product_cat-01010706-34","8":"first","9":"instock","10":"shipping-taxable","11":"purchasable","12":"product-type-simple"},"acf":[],"_links":{"self":[{"href":"https:\/\/laukamo.fi\/teletuotteet\/wp-json\/wp\/v2\/product\/14503","targetHints":{"allow":["GET"]}}],"collection":[{"href":"https:\/\/laukamo.fi\/teletuotteet\/wp-json\/wp\/v2\/product"}],"about":[{"href":"https:\/\/laukamo.fi\/teletuotteet\/wp-json\/wp\/v2\/types\/product"}],"wp:featuredmedia":[{"embeddable":true,"href":"https:\/\/laukamo.fi\/teletuotteet\/wp-json\/wp\/v2\/media\/16373"}],"wp:attachment":[{"href":"https:\/\/laukamo.fi\/teletuotteet\/wp-json\/wp\/v2\/media?parent=14503"}],"wp:term":[{"taxonomy":"product_brand","embeddable":true,"href":"https:\/\/laukamo.fi\/teletuotteet\/wp-json\/wp\/v2\/product_brand?post=14503"},{"taxonomy":"product_cat","embeddable":true,"href":"https:\/\/laukamo.fi\/teletuotteet\/wp-json\/wp\/v2\/product_cat?post=14503"},{"taxonomy":"product_tag","embeddable":true,"href":"https:\/\/laukamo.fi\/teletuotteet\/wp-json\/wp\/v2\/product_tag?post=14503"}],"curies":[{"name":"wp","href":"https:\/\/api.w.org\/{rel}","templated":true}]}}