{"id":14539,"date":"2025-12-18T02:29:11","date_gmt":"2025-12-18T00:29:11","guid":{"rendered":"https:\/\/laukamo.fi\/teletuotteet\/tuote\/Ei-luokiteltu\/peitelevy-3u\/"},"modified":"2026-04-23T13:48:11","modified_gmt":"2026-04-23T10:48:11","slug":"peitelevy-3u","status":"publish","type":"product","link":"https:\/\/laukamo.fi\/teletuotteet\/tuote\/01-1\/0101-7\/010107-28\/01010705-33\/peitelevy-3u\/","title":{"rendered":"Peitelevy 3U"},"content":{"rendered":"<p>Peitelevy 19\u201d kiskojen v\u00e4liin ilmavuotojen hallintaan. Ty\u00f6kaluvapaa kiinnitys. Pulverimaalattua ter\u00e4slevy\u00e4. V\u00e4ri musta RAL9005. Korkeus 3U<\/p>\n","protected":false},"excerpt":{"rendered":"<p>Peitelevy 19\u201d kiskojen v\u00e4liin ilmavuotojen hallintaan. Ty\u00f6kaluvapaa kiinnitys. Pulverimaalattua ter\u00e4slevy\u00e4. V\u00e4ri musta RAL9005. Korkeus 3U<\/p>\n","protected":false},"featured_media":16387,"template":"","meta":{"_acf_changed":false},"product_brand":[],"product_cat":[1083],"product_tag":[],"class_list":{"0":"post-14539","1":"product","2":"type-product","3":"status-publish","4":"has-post-thumbnail","6":"product_cat-01010705-33","8":"first","9":"instock","10":"shipping-taxable","11":"purchasable","12":"product-type-simple"},"acf":[],"_links":{"self":[{"href":"https:\/\/laukamo.fi\/teletuotteet\/wp-json\/wp\/v2\/product\/14539","targetHints":{"allow":["GET"]}}],"collection":[{"href":"https:\/\/laukamo.fi\/teletuotteet\/wp-json\/wp\/v2\/product"}],"about":[{"href":"https:\/\/laukamo.fi\/teletuotteet\/wp-json\/wp\/v2\/types\/product"}],"wp:featuredmedia":[{"embeddable":true,"href":"https:\/\/laukamo.fi\/teletuotteet\/wp-json\/wp\/v2\/media\/16387"}],"wp:attachment":[{"href":"https:\/\/laukamo.fi\/teletuotteet\/wp-json\/wp\/v2\/media?parent=14539"}],"wp:term":[{"taxonomy":"product_brand","embeddable":true,"href":"https:\/\/laukamo.fi\/teletuotteet\/wp-json\/wp\/v2\/product_brand?post=14539"},{"taxonomy":"product_cat","embeddable":true,"href":"https:\/\/laukamo.fi\/teletuotteet\/wp-json\/wp\/v2\/product_cat?post=14539"},{"taxonomy":"product_tag","embeddable":true,"href":"https:\/\/laukamo.fi\/teletuotteet\/wp-json\/wp\/v2\/product_tag?post=14539"}],"curies":[{"name":"wp","href":"https:\/\/api.w.org\/{rel}","templated":true}]}}